{"id":427,"date":"2026-04-18T14:45:10","date_gmt":"2026-04-18T07:45:10","guid":{"rendered":"https:\/\/vnkt.vn\/?page_id=427"},"modified":"2026-04-18T14:54:15","modified_gmt":"2026-04-18T07:54:15","slug":"gioi-thieu-1","status":"publish","type":"page","link":"https:\/\/vnkt.vn\/index.php\/https-vnkt-vn-index-php-mesmerize\/gioi-thieu-2\/gioi-thieu-1\/","title":{"rendered":"GI\u1edaI THI\u1ec6U"},"content":{"rendered":"<p><img loading=\"lazy\" decoding=\"async\" class=\"size-large wp-image-379 alignnone\" src=\"https:\/\/vnkt.vn\/wp-content\/uploads\/2026\/04\/1920540-1-1024x285.jpg\" alt=\"\" width=\"1024\" height=\"285\" srcset=\"https:\/\/vnkt.vn\/wp-content\/uploads\/2026\/04\/1920540-1-1024x285.jpg 1024w, https:\/\/vnkt.vn\/wp-content\/uploads\/2026\/04\/1920540-1-300x84.jpg 300w, https:\/\/vnkt.vn\/wp-content\/uploads\/2026\/04\/1920540-1-768x214.jpg 768w, https:\/\/vnkt.vn\/wp-content\/uploads\/2026\/04\/1920540-1-1536x428.jpg 1536w, https:\/\/vnkt.vn\/wp-content\/uploads\/2026\/04\/1920540-1-1920x535.jpg 1920w, https:\/\/vnkt.vn\/wp-content\/uploads\/2026\/04\/1920540-1.jpg 1952w\" sizes=\"auto, (max-width: 1024px) 100vw, 1024px\" \/><\/p>\n<ul>\n<li style=\"text-align: left;\">\n<h2>Kim Minh Dai Vietnam Technology Co., Ltd. is deeply rooted in the Vietnamese industrial market, specializing in providing manufacturing enterprises with a full range of industrial products across ten major categories, including electrical equipment, tools, pneumatics, instrumentation, MRO consumables, automation and components, testing instruments, electronic components, and industrial chemicals. Leveraging 50% locally sourced supply channels and a mature digital supply chain management system (SERP + OpenClaw\/Airtable), the company delivers efficient and precise supply chain services. With the mission of \u201cempowering Vietnam\u2019s digital industrial automation\u201d, we are committed to helping customers reduce costs, improve efficiency, and accelerate their transformation toward smart manufacturing.<\/h2>\n<\/li>\n<li style=\"text-align: left;\">\n<h2>C\u00d4NG TY TNHH C\u00d4NG NGH\u1ec6 KIM MINH \u0110\u00c0I VI\u1ec6T NAM \u0111\u00e3 v\u00e0 \u0111ang ph\u00e1t tri\u1ec3n s\u00e2u r\u1ed9ng t\u1ea1i th\u1ecb tr\u01b0\u1eddng c\u00f4ng nghi\u1ec7p Vi\u1ec7t Nam, chuy\u00ean cung c\u1ea5p cho c\u00e1c doanh nghi\u1ec7p s\u1ea3n xu\u1ea5t danh m\u1ee5c \u0111\u1ea7y \u0111\u1ee7 g\u1ed3m 10 nh\u00f3m s\u1ea3n ph\u1ea9m c\u00f4ng nghi\u1ec7p: thi\u1ebft b\u1ecb \u0111i\u1ec7n, d\u1ee5ng c\u1ee5, kh\u00ed n\u00e9n, thi\u1ebft b\u1ecb \u0111o l\u01b0\u1eddng, v\u1eadt t\u01b0 MRO, t\u1ef1 \u0111\u1ed9ng h\u00f3a v\u00e0 linh ki\u1ec7n, thi\u1ebft b\u1ecb ki\u1ec3m tra, linh ki\u1ec7n \u0111i\u1ec7n t\u1eed v\u00e0 h\u00f3a ch\u1ea5t c\u00f4ng nghi\u1ec7p. C\u00f4ng ty d\u1ef1a tr\u00ean 50% ngu\u1ed3n cung \u1ee9ng n\u1ed9i \u0111\u1ecba c\u00f9ng h\u1ec7 th\u1ed1ng qu\u1ea3n l\u00fd chu\u1ed7i cung \u1ee9ng s\u1ed1 h\u00f3a ti\u00ean ti\u1ebfn (SERP + OpenClaw\/Airtable), mang l\u1ea1i d\u1ecbch v\u1ee5 cung \u1ee9ng hi\u1ec7u qu\u1ea3 v\u00e0 ch\u00ednh x\u00e1c. V\u1edbi s\u1ee9 m\u1ec7nh \u201cg\u00f3p ph\u1ea7n th\u00fac \u0111\u1ea9y t\u1ef1 \u0111\u1ed9ng h\u00f3a c\u00f4ng nghi\u1ec7p s\u1ed1 t\u1ea1i Vi\u1ec7t Nam\u201d, ch\u00fang t\u00f4i cam k\u1ebft gi\u00fap kh\u00e1ch h\u00e0ng t\u1ed1i \u01b0u chi ph\u00ed, n\u00e2ng cao hi\u1ec7u qu\u1ea3 v\u00e0 \u0111\u1ea9y nhanh qu\u00e1 tr\u00ecnh chuy\u1ec3n \u0111\u1ed5i sang s\u1ea3n xu\u1ea5t th\u00f4ng minh.<\/h2>\n<\/li>\n<li style=\"text-align: left;\">\n<h2>Kim Minh Dai Vietnam Technology Co., Ltd.**\ub294 \ubca0\ud2b8\ub0a8 \uc0b0\uc5c5 \uc2dc\uc7a5\uc5d0 \uae4a\uc774 \ubfcc\ub9ac\ub0b4\ub9ac\uace0 \uc788\uc73c\uba70, \uc81c\uc870 \uae30\uc5c5\uc744 \uc704\ud574 \uc804\uae30 \uc7a5\ube44, \uacf5\uad6c, \uacf5\uc555, \uacc4\uce21\uae30, MRO \uc18c\ubaa8\ud488, \uc790\ub3d9\ud654 \ubc0f \ubd80\ud488, \ud14c\uc2a4\ud2b8 \uc7a5\ube44, \uc804\uc790 \ubd80\ud488, \uc0b0\uc5c5\uc6a9 \ud654\ud559 \uc81c\ud488 \ub4f1 10\ub300 \uc0b0\uc5c5 \uc81c\ud488 \uce74\ud14c\uace0\ub9ac\ub97c \uc804\ubb38\uc801\uc73c\ub85c \uacf5\uae09\ud558\uace0 \uc788\uc2b5\ub2c8\ub2e4. \ud68c\uc0ac\ub294 50% \ud604\uc9c0 \uc870\ub2ec \ub124\ud2b8\uc6cc\ud06c\uc640 **\ub514\uc9c0\ud138 \uacf5\uae09\ub9dd \uad00\ub9ac \uc2dc\uc2a4\ud15c(SERP + OpenClaw\/Airtable)**\uc744 \uae30\ubc18\uc73c\ub85c \ud6a8\uc728\uc801\uc774\uace0 \uc815\ubc00\ud55c \uacf5\uae09\ub9dd \uc11c\ube44\uc2a4\ub97c \uc81c\uacf5\ud569\ub2c8\ub2e4. *\u201c\ubca0\ud2b8\ub0a8 \ub514\uc9c0\ud138 \uc0b0\uc5c5 \uc790\ub3d9\ud654\uc5d0 \uae30\uc5ec\ud55c\ub2e4\u201d*\ub294 \uc0ac\uba85\uc744 \ubc14\ud0d5\uc73c\ub85c, \uace0\uac1d\uc758 \ube44\uc6a9 \uc808\uac10, \ud6a8\uc728 \ud5a5\uc0c1 \ubc0f \uc2a4\ub9c8\ud2b8 \uc81c\uc870 \uc804\ud658\uc744 \uc801\uadf9 \uc9c0\uc6d0\ud569\ub2c8\ub2e4.<\/h2>\n<\/li>\n<li style=\"text-align: left;\">\n<h2>\u30ad\u30e0\u30df\u30f3\u30c0\u30a4\u30fb\u30d9\u30c8\u30ca\u30e0\u30c6\u30af\u30ce\u30ed\u30b8\u30fc\u6709\u9650\u4f1a\u793e\u306f\u3001\u30d9\u30c8\u30ca\u30e0\u306e\u7523\u696d\u5e02\u5834\u306b\u6df1\u304f\u6839\u3056\u3057\u3001\u88fd\u9020\u696d\u5411\u3051\u306b\u96fb\u6c17\u6a5f\u5668\u3001\u5de5\u5177\u3001\u7a7a\u6c17\u5727\u6a5f\u5668\u3001\u8a08\u6e2c\u6a5f\u5668\u3001MRO\u6d88\u8017\u54c1\u3001\u81ea\u52d5\u5316\u304a\u3088\u3073\u95a2\u9023\u90e8\u54c1\u3001\u8a66\u9a13\u6a5f\u5668\u3001\u96fb\u5b50\u90e8\u54c1\u3001\u5de5\u696d\u7528\u5316\u5b66\u54c1\u306a\u3069\u300110\u5927\u7523\u696d\u30ab\u30c6\u30b4\u30ea\u30fc\u306e\u88fd\u54c1\u3092\u63d0\u4f9b\u3057\u3066\u3044\u307e\u3059\u3002 \u5f53\u793e\u306f\u300150\uff05\u306e\u73fe\u5730\u8abf\u9054\u30cd\u30c3\u30c8\u30ef\u30fc\u30af\u3068**\u30c7\u30b8\u30bf\u30eb\u30b5\u30d7\u30e9\u30a4\u30c1\u30a7\u30fc\u30f3\u7ba1\u7406\u30b7\u30b9\u30c6\u30e0\uff08SERP + OpenClaw\/Airtable\uff09**\u3092\u6d3b\u7528\u3057\u3001\u52b9\u7387\u7684\u304b\u3064\u9ad8\u7cbe\u5ea6\u306a\u4f9b\u7d66\u30b5\u30fc\u30d3\u30b9\u3092\u5b9f\u73fe\u3057\u3066\u3044\u307e\u3059\u3002 \u300c\u30d9\u30c8\u30ca\u30e0\u306e\u30c7\u30b8\u30bf\u30eb\u7523\u696d\u30aa\u30fc\u30c8\u30e1\u30fc\u30b7\u30e7\u30f3\u306e\u767a\u5c55\u306b\u8ca2\u732e\u3059\u308b\u300d\u3068\u3044\u3046\u4f7f\u547d\u306e\u3082\u3068\u3001\u9867\u5ba2\u306e\u30b3\u30b9\u30c8\u524a\u6e1b\u3068\u52b9\u7387\u5411\u4e0a\u3001\u30b9\u30de\u30fc\u30c8\u88fd\u9020\u3078\u306e\u8ee2\u63db\u3092\u652f\u63f4\u3057\u3066\u3044\u307e\u3059\u3002<\/h2>\n<\/li>\n<\/ul>\n","protected":false},"excerpt":{"rendered":"<p>Kim Minh Dai Vietnam Technology Co., Ltd. is deeply rooted in the Vietnamese industrial market, specializing in providing manufacturing enterprises with a full range of industrial products across ten major categories, including electrical equipment, tools, pneumatics, instrumentation, MRO consumables, automation and components, testing instruments, electronic components, and industrial chemicals. Leveraging 50% locally sourced supply channels<\/p>\n<p><a href=\"https:\/\/vnkt.vn\/index.php\/https-vnkt-vn-index-php-mesmerize\/gioi-thieu-2\/gioi-thieu-1\/\" class=\"more-link themebutton\">Read More<\/a><\/p>\n","protected":false},"author":1,"featured_media":0,"parent":274,"menu_order":0,"comment_status":"closed","ping_status":"closed","template":"","meta":{"footnotes":""},"class_list":["post-427","page","type-page","status-publish","hentry"],"_links":{"self":[{"href":"https:\/\/vnkt.vn\/index.php\/wp-json\/wp\/v2\/pages\/427","targetHints":{"allow":["GET"]}}],"collection":[{"href":"https:\/\/vnkt.vn\/index.php\/wp-json\/wp\/v2\/pages"}],"about":[{"href":"https:\/\/vnkt.vn\/index.php\/wp-json\/wp\/v2\/types\/page"}],"author":[{"embeddable":true,"href":"https:\/\/vnkt.vn\/index.php\/wp-json\/wp\/v2\/users\/1"}],"replies":[{"embeddable":true,"href":"https:\/\/vnkt.vn\/index.php\/wp-json\/wp\/v2\/comments?post=427"}],"version-history":[{"count":6,"href":"https:\/\/vnkt.vn\/index.php\/wp-json\/wp\/v2\/pages\/427\/revisions"}],"predecessor-version":[{"id":435,"href":"https:\/\/vnkt.vn\/index.php\/wp-json\/wp\/v2\/pages\/427\/revisions\/435"}],"up":[{"embeddable":true,"href":"https:\/\/vnkt.vn\/index.php\/wp-json\/wp\/v2\/pages\/274"}],"wp:attachment":[{"href":"https:\/\/vnkt.vn\/index.php\/wp-json\/wp\/v2\/media?parent=427"}],"curies":[{"name":"wp","href":"https:\/\/api.w.org\/{rel}","templated":true}]}}